{"id":547,"date":"2022-06-27T09:00:31","date_gmt":"2022-06-27T09:00:31","guid":{"rendered":"http:\/\/gentlywound.com\/privacy-policy-2"},"modified":"2022-06-27T09:34:54","modified_gmt":"2022-06-27T09:34:54","slug":"privacy-policy","status":"publish","type":"page","link":"http:\/\/gentlywound.com\/fr\/privacy-policy","title":{"rendered":"Politique de confidentialit\u00e9"},"content":{"rendered":"<p>Date d'entr\u00e9e en vigueur - 27 juin 2022<\/p>\n<p>Bienvenue sur le site https:\/\/gentlywound.com (le \"Site\"). Nous comprenons que la confidentialit\u00e9 en ligne est importante pour les utilisateurs de notre site, en particulier lorsqu'ils font des affaires. La pr\u00e9sente d\u00e9claration r\u00e9git nos politiques de confidentialit\u00e9 \u00e0 l'\u00e9gard des utilisateurs du Site (\" Visiteurs \") qui le visitent sans effectuer de transactions commerciales et des Visiteurs qui s'inscrivent pour effectuer des transactions commerciales sur le Site et utiliser les diff\u00e9rents services offerts par Gently Wound (collectivement, \" Services \") (\" Clients autoris\u00e9s \").<\/p>\n<p><strong>\"Informations personnellement identifiables\"<\/strong><\/p>\n<p>d\u00e9signe toute information qui identifie ou peut \u00eatre utilis\u00e9e pour identifier, contacter ou localiser la personne \u00e0 laquelle cette information se rapporte, y compris, mais sans s'y limiter, le nom, l'adresse, le num\u00e9ro de t\u00e9l\u00e9phone, le num\u00e9ro de fax, l'adresse \u00e9lectronique, les profils financiers, le num\u00e9ro de s\u00e9curit\u00e9 sociale et les informations relatives aux cartes de cr\u00e9dit. Les informations personnellement identifiables ne comprennent pas les informations collect\u00e9es de mani\u00e8re anonyme (c'est-\u00e0-dire sans identification de l'utilisateur individuel) ou les informations d\u00e9mographiques non li\u00e9es \u00e0 un individu identifi\u00e9.<\/p>\n<p><strong>Quelles informations personnellement identifiables sont collect\u00e9es ?<\/strong><\/p>\n<p>Nous pouvons recueillir des informations de base sur le profil de l'utilisateur de tous nos visiteurs. Nous recueillons les informations suppl\u00e9mentaires suivantes aupr\u00e8s de nos clients autoris\u00e9s : les noms, adresses, num\u00e9ros de t\u00e9l\u00e9phone et adresses \u00e9lectroniques des clients autoris\u00e9s, la nature et la taille de l'entreprise, ainsi que la nature et la taille de l'inventaire publicitaire que le client autoris\u00e9 a l'intention d'acheter ou de vendre.<\/p>\n<p><strong>Quelles sont les organisations qui recueillent les informations ?<\/strong><\/p>\n<p>En plus de notre collecte directe d'informations, nos fournisseurs de services tiers (tels que les soci\u00e9t\u00e9s de cartes de cr\u00e9dit, les chambres de compensation et les banques) qui peuvent fournir des services tels que le cr\u00e9dit, l'assurance et les services d'entiercement peuvent collecter ces informations aupr\u00e8s de nos visiteurs et clients autoris\u00e9s. Nous ne contr\u00f4lons pas la mani\u00e8re dont ces tiers utilisent ces informations, mais nous leur demandons de divulguer la mani\u00e8re dont ils utilisent les informations personnelles qui leur sont fournies par les visiteurs et les clients autoris\u00e9s. Certains de ces tiers peuvent \u00eatre des interm\u00e9diaires qui agissent uniquement comme des maillons de la cha\u00eene de distribution et ne stockent, ne conservent ou n'utilisent pas les informations qui leur sont fournies.<\/p>\n<p><strong>Comment le site utilise-t-il les informations personnellement identifiables ?<\/strong><\/p>\n<p>Nous utilisons les Informations personnellement identifiables pour personnaliser le Site, proposer des offres de service appropri\u00e9es et r\u00e9pondre aux demandes d'achat et de vente sur le Site. Nous pouvons envoyer des courriers \u00e9lectroniques aux visiteurs et aux clients autoris\u00e9s concernant des opportunit\u00e9s de recherche ou d'achat et de vente sur le site ou des informations li\u00e9es \u00e0 l'objet du site. Nous pouvons \u00e9galement utiliser des informations personnellement identifiables pour contacter les visiteurs et les clients autoris\u00e9s en r\u00e9ponse \u00e0 des demandes sp\u00e9cifiques ou pour fournir les informations demand\u00e9es.<\/p>\n<p><strong>Avec qui les informations peuvent-elles \u00eatre partag\u00e9es ?<\/strong><\/p>\n<p>Les informations personnellement identifiables concernant les clients autoris\u00e9s peuvent \u00eatre partag\u00e9es avec d'autres clients autoris\u00e9s qui souhaitent \u00e9valuer des transactions potentielles avec d'autres clients autoris\u00e9s. Nous pouvons partager des informations agr\u00e9g\u00e9es sur nos visiteurs, y compris les donn\u00e9es d\u00e9mographiques de nos visiteurs et de nos clients autoris\u00e9s, avec nos agences affili\u00e9es et nos fournisseurs tiers. Nous offrons \u00e9galement la possibilit\u00e9 de refuser de recevoir des informations ou d'\u00eatre contact\u00e9 par nous ou par toute agence agissant en notre nom.<\/p>\n<p><strong>Comment les informations d'identification personnelle sont-elles stock\u00e9es ?<\/strong><\/p>\n<p>Les informations personnellement identifiables recueillies par Gently Wound sont stock\u00e9es en toute s\u00e9curit\u00e9 et ne sont pas accessibles \u00e0 des tiers ou \u00e0 des employ\u00e9s de Gently Wound, sauf pour \u00eatre utilis\u00e9es comme indiqu\u00e9 ci-dessus.<\/p>\n<p><strong>Quels sont les choix dont disposent les visiteurs en mati\u00e8re de collecte, d'utilisation et de diffusion des informations ?<\/strong><\/p>\n<p>Les visiteurs et les clients autoris\u00e9s peuvent refuser de recevoir des informations non sollicit\u00e9es de notre part ou d'\u00eatre contact\u00e9s par nous et\/ou nos vendeurs et agences affili\u00e9es en r\u00e9pondant aux courriels selon les instructions, ou en nous contactant \u00e0 l'adresse suivante<\/p>\n<p><strong>Cookies<\/strong><\/p>\n<p>Un cookie est une cha\u00eene d'informations qu'un site web stocke sur l'ordinateur d'un visiteur et que le navigateur du visiteur fournit au site web chaque fois que le visiteur revient.<\/p>\n<p><strong>Les cookies sont-ils utilis\u00e9s sur le site ?<\/strong><\/p>\n<p>Les cookies sont utilis\u00e9s pour diverses raisons. Nous utilisons les cookies pour obtenir des informations sur les pr\u00e9f\u00e9rences de nos visiteurs et les services qu'ils s\u00e9lectionnent. Nous utilisons \u00e9galement des cookies \u00e0 des fins de s\u00e9curit\u00e9 pour prot\u00e9ger nos clients autoris\u00e9s. Par exemple, si un client autoris\u00e9 est connect\u00e9 et que le site n'est pas utilis\u00e9 pendant plus de 10 minutes, nous le d\u00e9connecterons automatiquement. Les visiteurs qui ne souhaitent pas que des cookies soient plac\u00e9s sur leur ordinateur doivent configurer leur navigateur pour qu'il refuse les cookies avant d'utiliser https:\/\/gentlywound.com. L'inconv\u00e9nient est que certaines fonctions du site web peuvent ne pas fonctionner correctement sans l'aide des cookies.<\/p>\n<p><strong>Cookies utilis\u00e9s par nos prestataires de services<\/strong><\/p>\n<p>Nos prestataires de services utilisent des cookies et ces cookies peuvent \u00eatre stock\u00e9s sur votre ordinateur lorsque vous visitez notre site web. Vous pouvez trouver plus de d\u00e9tails sur les cookies utilis\u00e9s dans notre page d'information sur les cookies.<\/p>\n<p><strong>Comment Gently Wound utilise-t-il les informations de connexion ?<\/strong><\/p>\n<p>Gently Wound utilise les informations de connexion, y compris, mais sans s'y limiter, les adresses IP, les FAI et les types de navigateur, pour analyser les tendances, administrer le site, suivre les mouvements et l'utilisation d'un utilisateur et recueillir des informations d\u00e9mographiques g\u00e9n\u00e9rales.<\/p>\n<p><strong>Quels partenaires ou fournisseurs de services ont acc\u00e8s aux informations personnellement identifiables des visiteurs et\/ou des clients autoris\u00e9s sur le site ?<\/strong><\/p>\n<p>Gently Wound a conclu et continuera \u00e0 conclure des partenariats et autres affiliations avec un certain nombre de fournisseurs. Ces fournisseurs peuvent avoir acc\u00e8s \u00e0 certaines informations personnellement identifiables sur la base du besoin d'en conna\u00eetre pour \u00e9valuer l'admissibilit\u00e9 des clients autoris\u00e9s aux services. Notre politique de confidentialit\u00e9 ne couvre pas leur collecte ou leur utilisation de ces informations. Divulgation d'informations personnellement identifiables pour se conformer \u00e0 la loi. Nous divulguerons des informations personnellement identifiables afin de nous conformer \u00e0 une ordonnance du tribunal, \u00e0 une citation \u00e0 compara\u00eetre ou \u00e0 une demande de divulgation d'informations \u00e9manant d'un organisme d'application de la loi. Nous divulguons \u00e9galement des informations personnellement identifiables lorsque cela est raisonnablement n\u00e9cessaire pour prot\u00e9ger la s\u00e9curit\u00e9 de nos visiteurs et de nos clients autoris\u00e9s.<\/p>\n<p><strong>Comment le site assure-t-il la s\u00e9curit\u00e9 des informations personnellement identifiables ?<\/strong><\/p>\n<p>Tous nos employ\u00e9s connaissent notre politique et nos pratiques en mati\u00e8re de s\u00e9curit\u00e9. Les informations personnellement identifiables de nos visiteurs et de nos clients autoris\u00e9s ne sont accessibles qu'\u00e0 un nombre limit\u00e9 d'employ\u00e9s qualifi\u00e9s qui re\u00e7oivent un mot de passe afin d'acc\u00e9der \u00e0 ces informations. Nous v\u00e9rifions r\u00e9guli\u00e8rement nos syst\u00e8mes et processus de s\u00e9curit\u00e9. Les informations sensibles, telles que les num\u00e9ros de carte de cr\u00e9dit ou les num\u00e9ros de s\u00e9curit\u00e9 sociale, sont prot\u00e9g\u00e9es par des protocoles de cryptage, mis en place pour prot\u00e9ger les informations envoy\u00e9es sur Internet. Bien que nous prenions des mesures commercialement raisonnables pour maintenir un site s\u00e9curis\u00e9, les communications \u00e9lectroniques et les bases de donn\u00e9es sont sujettes \u00e0 des erreurs, des manipulations et des effractions, et nous ne pouvons pas garantir que de tels \u00e9v\u00e9nements ne se produiront pas et nous ne serons pas responsables envers les visiteurs ou les clients autoris\u00e9s pour de tels \u00e9v\u00e9nements.<\/p>\n<p><strong>Comment les visiteurs peuvent-ils corriger toute inexactitude dans les informations personnellement identifiables ?<\/strong><\/p>\n<p>Les visiteurs et les clients autoris\u00e9s peuvent nous contacter pour mettre \u00e0 jour les informations personnellement identifiables les concernant ou pour corriger toute inexactitude en nous envoyant un courriel \u00e0 contact@gentlywound.fr.<\/p>\n<p><strong>Un visiteur peut-il supprimer ou d\u00e9sactiver les informations personnellement identifiables recueillies par le site ?<\/strong><\/p>\n<p>Nous fournissons aux Visiteurs et aux Clients autoris\u00e9s un m\u00e9canisme permettant de supprimer\/d\u00e9sactiver les Informations personnellement identifiables de la base de donn\u00e9es du Site en les contactant. Toutefois, en raison des sauvegardes et des enregistrements des suppressions, il peut \u00eatre impossible de supprimer l'entr\u00e9e d'un Visiteur sans conserver certaines informations r\u00e9siduelles. Un individu qui demande la d\u00e9sactivation d'informations personnellement identifiables verra ces informations supprim\u00e9es de mani\u00e8re fonctionnelle, et nous ne vendrons, ne transf\u00e9rerons ni n'utiliserons les informations personnellement identifiables relatives \u00e0 cet individu de quelque mani\u00e8re que ce soit \u00e0 l'avenir.<\/p>\n<p><strong>Vos droits<\/strong><\/p>\n<p>Il s'agit de droits r\u00e9sum\u00e9s que vous avez en vertu de la loi sur la protection des donn\u00e9es.<\/p>\n<ul>\n<li>Le droit d'acc\u00e8s<\/li>\n<li>Le droit de rectification<\/li>\n<li>Le droit \u00e0 l'effacement<\/li>\n<li>Le droit de restreindre le traitement<\/li>\n<li>Le droit de s'opposer au traitement<\/li>\n<li>Le droit \u00e0 la portabilit\u00e9 des donn\u00e9es<\/li>\n<li>Le droit d'opposition<\/li>\n<li>Le droit de retirer le consentement<\/li>\n<\/ul>\n<p><strong>Que se passe-t-il si la politique de confidentialit\u00e9 est modifi\u00e9e ?<\/strong><\/p>\n<p>Nous informerons nos visiteurs et clients autoris\u00e9s des modifications apport\u00e9es \u00e0 notre politique de confidentialit\u00e9 en publiant ces modifications sur le site. Toutefois, si nous modifions notre politique de confidentialit\u00e9 d'une mani\u00e8re qui pourrait entra\u00eener la divulgation d'informations personnellement identifiables qu'un visiteur ou un client autoris\u00e9 a pr\u00e9c\u00e9demment demand\u00e9 de ne pas divulguer, nous contacterons ce visiteur ou ce client autoris\u00e9 pour lui permettre d'emp\u00eacher cette divulgation.<\/p>\n<p><strong>Liens vers d'autres sites web:<\/strong><\/p>\n<p>Notre site web peut contenir des liens vers d'autres sites web qui ne sont pas d\u00e9tenus ou contr\u00f4l\u00e9s par nous. Sachez que nous ne sommes pas responsables de ces autres sites web ou des pratiques de confidentialit\u00e9 des tiers. Nous vous encourageons \u00e0 \u00eatre attentif lorsque vous quittez notre site web et \u00e0 lire les d\u00e9clarations de confidentialit\u00e9 de chaque site web susceptible de collecter des informations personnelles.<\/p>\n\n\n<div class=\"wp-block-stackable-spacer stk-block-spacer stk--no-padding stk-block stk-6c4f03b\" data-block-id=\"6c4f03b\"><style>.stk-6c4f03b{height:60px !important}<\/style><\/div>","protected":false},"excerpt":{"rendered":"<p>Effective date &#8211; June 27, 2022 Welcome to https:\/\/gentlywound.com (the &#8220;Site&#8221;). We understand that privacy online is important to users of our Site, especially when conducting business. This statement governs our privacy policies with respect to those users of the Site (&#8220;Visitors&#8221;) who visit without transacting business and Visitors who register to transact business on [&hellip;]<\/p>\n","protected":false},"author":1,"featured_media":0,"parent":0,"menu_order":0,"comment_status":"closed","ping_status":"closed","template":"","meta":{"cybocfi_hide_featured_image":"","footnotes":""},"class_list":["post-547","page","type-page","status-publish","hentry"],"blocksy_meta":{"styles_descriptor":{"styles":{"desktop":"","tablet":"","mobile":""},"google_fonts":[],"version":6}},"yoast_head":"<!-- This site is optimized with the Yoast SEO plugin v27.3 - https:\/\/yoast.com\/product\/yoast-seo-wordpress\/ -->\n<title>Privacy Policy - Gently Wound<\/title>\n<meta name=\"robots\" content=\"index, follow, max-snippet:-1, max-image-preview:large, max-video-preview:-1\" \/>\n<link rel=\"canonical\" href=\"https:\/\/gentlywound.com\/fr\/privacy-policy\/\" \/>\n<meta property=\"og:locale\" content=\"fr_FR\" \/>\n<meta property=\"og:type\" content=\"article\" \/>\n<meta property=\"og:title\" content=\"Privacy Policy - Gently Wound\" \/>\n<meta property=\"og:description\" content=\"Effective date &#8211; June 27, 2022 Welcome to https:\/\/gentlywound.com (the &#8220;Site&#8221;). We understand that privacy online is important to users of our Site, especially when conducting business. This statement governs our privacy policies with respect to those users of the Site (&#8220;Visitors&#8221;) who visit without transacting business and Visitors who register to transact business on [&hellip;]\" \/>\n<meta property=\"og:url\" content=\"https:\/\/gentlywound.com\/fr\/privacy-policy\/\" \/>\n<meta property=\"og:site_name\" content=\"Gently Wound\" \/>\n<meta property=\"article:modified_time\" content=\"2022-06-27T09:34:54+00:00\" \/>\n<meta name=\"twitter:card\" content=\"summary_large_image\" \/>\n<meta name=\"twitter:label1\" content=\"Dur\u00e9e de lecture estim\u00e9e\" \/>\n\t<meta name=\"twitter:data1\" content=\"7 minutes\" \/>\n<script type=\"application\/ld+json\" class=\"yoast-schema-graph\">{\"@context\":\"https:\\\/\\\/schema.org\",\"@graph\":[{\"@type\":\"WebPage\",\"@id\":\"https:\\\/\\\/gentlywound.com\\\/privacy-policy\",\"url\":\"https:\\\/\\\/gentlywound.com\\\/privacy-policy\",\"name\":\"Privacy Policy - Gently Wound\",\"isPartOf\":{\"@id\":\"https:\\\/\\\/gentlywound.com\\\/#website\"},\"datePublished\":\"2022-06-27T09:00:31+00:00\",\"dateModified\":\"2022-06-27T09:34:54+00:00\",\"breadcrumb\":{\"@id\":\"https:\\\/\\\/gentlywound.com\\\/privacy-policy#breadcrumb\"},\"inLanguage\":\"fr-FR\",\"potentialAction\":[{\"@type\":\"ReadAction\",\"target\":[\"https:\\\/\\\/gentlywound.com\\\/privacy-policy\"]}]},{\"@type\":\"BreadcrumbList\",\"@id\":\"https:\\\/\\\/gentlywound.com\\\/privacy-policy#breadcrumb\",\"itemListElement\":[{\"@type\":\"ListItem\",\"position\":1,\"name\":\"Accueil\",\"item\":\"https:\\\/\\\/gentlywound.com\\\/\"},{\"@type\":\"ListItem\",\"position\":2,\"name\":\"Privacy Policy\"}]},{\"@type\":\"WebSite\",\"@id\":\"https:\\\/\\\/gentlywound.com\\\/#website\",\"url\":\"https:\\\/\\\/gentlywound.com\\\/\",\"name\":\"Gently Wound\",\"description\":\"\",\"publisher\":{\"@id\":\"https:\\\/\\\/gentlywound.com\\\/#organization\"},\"potentialAction\":[{\"@type\":\"SearchAction\",\"target\":{\"@type\":\"EntryPoint\",\"urlTemplate\":\"https:\\\/\\\/gentlywound.com\\\/?s={search_term_string}\"},\"query-input\":{\"@type\":\"PropertyValueSpecification\",\"valueRequired\":true,\"valueName\":\"search_term_string\"}}],\"inLanguage\":\"fr-FR\"},{\"@type\":\"Organization\",\"@id\":\"https:\\\/\\\/gentlywound.com\\\/#organization\",\"name\":\"Gently Wound\",\"url\":\"https:\\\/\\\/gentlywound.com\\\/\",\"logo\":{\"@type\":\"ImageObject\",\"inLanguage\":\"fr-FR\",\"@id\":\"https:\\\/\\\/gentlywound.com\\\/#\\\/schema\\\/logo\\\/image\\\/\",\"url\":\"\",\"contentUrl\":\"\",\"caption\":\"Gently Wound\"},\"image\":{\"@id\":\"https:\\\/\\\/gentlywound.com\\\/#\\\/schema\\\/logo\\\/image\\\/\"}}]}<\/script>\n<!-- \/ Yoast SEO plugin. -->","yoast_head_json":{"title":"Privacy Policy - Gently Wound","robots":{"index":"index","follow":"follow","max-snippet":"max-snippet:-1","max-image-preview":"max-image-preview:large","max-video-preview":"max-video-preview:-1"},"canonical":"https:\/\/gentlywound.com\/fr\/privacy-policy\/","og_locale":"fr_FR","og_type":"article","og_title":"Privacy Policy - Gently Wound","og_description":"Effective date &#8211; June 27, 2022 Welcome to https:\/\/gentlywound.com (the &#8220;Site&#8221;). We understand that privacy online is important to users of our Site, especially when conducting business. This statement governs our privacy policies with respect to those users of the Site (&#8220;Visitors&#8221;) who visit without transacting business and Visitors who register to transact business on [&hellip;]","og_url":"https:\/\/gentlywound.com\/fr\/privacy-policy\/","og_site_name":"Gently Wound","article_modified_time":"2022-06-27T09:34:54+00:00","twitter_card":"summary_large_image","twitter_misc":{"Dur\u00e9e de lecture estim\u00e9e":"7 minutes"},"schema":{"@context":"https:\/\/schema.org","@graph":[{"@type":"WebPage","@id":"https:\/\/gentlywound.com\/privacy-policy","url":"https:\/\/gentlywound.com\/privacy-policy","name":"Privacy Policy - Gently Wound","isPartOf":{"@id":"https:\/\/gentlywound.com\/#website"},"datePublished":"2022-06-27T09:00:31+00:00","dateModified":"2022-06-27T09:34:54+00:00","breadcrumb":{"@id":"https:\/\/gentlywound.com\/privacy-policy#breadcrumb"},"inLanguage":"fr-FR","potentialAction":[{"@type":"ReadAction","target":["https:\/\/gentlywound.com\/privacy-policy"]}]},{"@type":"BreadcrumbList","@id":"https:\/\/gentlywound.com\/privacy-policy#breadcrumb","itemListElement":[{"@type":"ListItem","position":1,"name":"Accueil","item":"https:\/\/gentlywound.com\/"},{"@type":"ListItem","position":2,"name":"Privacy Policy"}]},{"@type":"WebSite","@id":"https:\/\/gentlywound.com\/#website","url":"https:\/\/gentlywound.com\/","name":"Gently Wound","description":"","publisher":{"@id":"https:\/\/gentlywound.com\/#organization"},"potentialAction":[{"@type":"SearchAction","target":{"@type":"EntryPoint","urlTemplate":"https:\/\/gentlywound.com\/?s={search_term_string}"},"query-input":{"@type":"PropertyValueSpecification","valueRequired":true,"valueName":"search_term_string"}}],"inLanguage":"fr-FR"},{"@type":"Organization","@id":"https:\/\/gentlywound.com\/#organization","name":"Gently Wound","url":"https:\/\/gentlywound.com\/","logo":{"@type":"ImageObject","inLanguage":"fr-FR","@id":"https:\/\/gentlywound.com\/#\/schema\/logo\/image\/","url":"","contentUrl":"","caption":"Gently Wound"},"image":{"@id":"https:\/\/gentlywound.com\/#\/schema\/logo\/image\/"}}]}},"_links":{"self":[{"href":"http:\/\/gentlywound.com\/fr\/wp-json\/wp\/v2\/pages\/547","targetHints":{"allow":["GET"]}}],"collection":[{"href":"http:\/\/gentlywound.com\/fr\/wp-json\/wp\/v2\/pages"}],"about":[{"href":"http:\/\/gentlywound.com\/fr\/wp-json\/wp\/v2\/types\/page"}],"author":[{"embeddable":true,"href":"http:\/\/gentlywound.com\/fr\/wp-json\/wp\/v2\/users\/1"}],"replies":[{"embeddable":true,"href":"http:\/\/gentlywound.com\/fr\/wp-json\/wp\/v2\/comments?post=547"}],"version-history":[{"count":4,"href":"http:\/\/gentlywound.com\/fr\/wp-json\/wp\/v2\/pages\/547\/revisions"}],"predecessor-version":[{"id":557,"href":"http:\/\/gentlywound.com\/fr\/wp-json\/wp\/v2\/pages\/547\/revisions\/557"}],"wp:attachment":[{"href":"http:\/\/gentlywound.com\/fr\/wp-json\/wp\/v2\/media?parent=547"}],"curies":[{"name":"wp","href":"https:\/\/api.w.org\/{rel}","templated":true}]}}